{"id":12,"date":"2023-06-13T14:45:04","date_gmt":"2023-06-13T12:45:04","guid":{"rendered":"https:\/\/3m-strategy.ch\/?page_id=12"},"modified":"2023-06-13T16:56:10","modified_gmt":"2023-06-13T14:56:10","slug":"holding","status":"publish","type":"page","link":"https:\/\/3m-strategy.ch\/","title":{"rendered":"Holding"},"content":{"rendered":"\n    \n    <section class=\"u-clearfix u-image u-section-2\" id=\"sec-964f\" data-image-width=\"1280\" data-image-height=\"1920\" style=\"background-image: url(&quot;https:\/\/3m-strategy.ch\/wp-content\/uploads\/2023\/06\/pexels-olga-lioncat-7245550.jpg&quot;);\">\n      <div class=\"u-clearfix u-sheet u-valign-middle-lg u-valign-middle-md u-valign-middle-sm u-valign-middle-xs u-sheet-1\">\n        <img decoding=\"async\" class=\"u-expanded-width-md u-hidden-sm u-hidden-xs u-hover-feature u-image u-image-round u-radius-12 u-image-1\" src=\"https:\/\/3m-strategy.ch\/wp-content\/uploads\/2023\/06\/3m_strategy_logo_rgb-1.png\" alt=\"\" data-image-width=\"1194\" data-image-height=\"274\">\n      <\/div>\n      \n    <\/section>\n    <section class=\"u-clearfix u-white u-section-3\" id=\"sec-648b\">\n      <div class=\"u-clearfix u-sheet u-sheet-1\">\n        <div class=\"u-clearfix u-expanded-width u-gutter-20 u-layout-custom-xs u-layout-wrap u-layout-wrap-1\">\n          <div class=\"u-layout\">\n            <div class=\"u-layout-row\">\n              <div class=\"u-container-style u-grey-5 u-layout-cell u-left-cell u-size-20-lg u-size-20-sm u-size-20-xl u-size-30-md u-size-60-xs u-layout-cell-1\" data-animation-name=\"pulse\" data-animation-duration=\"1000\" data-animation-direction=\"\" data-animation-delay=\"500\">\n                <div class=\"u-container-layout u-container-layout-1\"><span class=\"u-align-center-xs u-file-icon u-icon u-icon-1\"><img decoding=\"async\" src=\"https:\/\/3m-strategy.ch\/wp-content\/uploads\/2023\/06\/8868362.png\" alt=\"\"><\/span>\n                  <h3 class=\"u-align-center u-custom-font u-text u-text-1\">Rentabilit\u00e9 du Capital<\/h3>\n                  <p class=\"u-align-center u-custom-font u-text u-text-2\">Mobilisation et la rentabilit\u00e9 du capital<\/p>\n                  <a href=\"mailto:info@3m-strategy.ch?subject=More Info\" class=\"u-custom-font u-link u-text-palette-1-base u-link-1\">More ...<\/a>\n                <\/div>\n              <\/div>\n              <div class=\"u-container-style u-grey-5 u-layout-cell u-size-20-lg u-size-20-sm u-size-20-xl u-size-30-md u-size-60-xs u-layout-cell-2\" data-animation-name=\"pulse\" data-animation-duration=\"1000\" data-animation-delay=\"750\" data-animation-direction=\"\">\n                <div class=\"u-container-layout u-container-layout-2\"><span class=\"u-black u-file-icon u-icon u-icon-2\"><img decoding=\"async\" src=\"https:\/\/3m-strategy.ch\/wp-content\/uploads\/2023\/06\/2689256-c09d8082.png\" alt=\"\"><\/span>\n                  <h3 class=\"u-align-center u-custom-font u-text u-text-3\">Investissements<\/h3>\n                  <p class=\"u-align-center u-custom-font u-text u-text-4\"> La politique d\u2019investissement du groupe<br>(Associ\u00e9s et investisseurs)<br>\n                  <\/p>\n                  <a href=\"mailto:info@3m-strategy.ch?subject=More Info\" class=\"u-custom-font u-link u-text-palette-1-base u-link-2\">More ...<\/a>\n                <\/div>\n              <\/div>\n              <div class=\"u-container-style u-grey-5 u-layout-cell u-right-cell u-size-20-lg u-size-20-sm u-size-20-xl u-size-60-md u-size-60-xs u-layout-cell-3\" data-animation-name=\"pulse\" data-animation-duration=\"1000\" data-animation-delay=\"1000\" data-animation-direction=\"\">\n                <div class=\"u-container-layout u-container-layout-3\"><span class=\"u-file-icon u-icon u-icon-3\"><img decoding=\"async\" src=\"https:\/\/3m-strategy.ch\/wp-content\/uploads\/2023\/06\/6319945.png\" alt=\"\"><\/span>\n                  <h3 class=\"u-align-center u-custom-font u-text u-text-5\">Evaluation des r\u00e9sultats<\/h3>\n                  <p class=\"u-align-center u-custom-font u-text u-text-6\"> L\u2019\u00e9valuation des r\u00e9sultats obtenus par les soci\u00e9t\u00e9s op\u00e9rationnelles.<br>Fusions ou \u00e9changes d\u2019actions, ...\n                  <\/p>\n                  <a href=\"mailto:info@3m-strategy.ch?subject=More Info\" class=\"u-custom-font u-link u-text-palette-1-base u-link-3\">More ...<\/a>\n                <\/div>\n              <\/div>\n            <\/div>\n          <\/div>\n        <\/div>\n      <\/div>\n    <\/section>\n    \n    \n  \n","protected":false},"excerpt":{"rendered":"<p>Rentabilit\u00e9 du Capital Mobilisation et la rentabilit\u00e9 du capital More &#8230; Investissements La politique d\u2019investissement du groupe(Associ\u00e9s et investisseurs) More &#8230; Evaluation des r\u00e9sultats L\u2019\u00e9valuation des r\u00e9sultats obtenus par les soci\u00e9t\u00e9s op\u00e9rationnelles.Fusions ou \u00e9changes d\u2019actions, &#8230; More &#8230;<\/p>\n","protected":false},"author":1,"featured_media":0,"parent":0,"menu_order":0,"comment_status":"closed","ping_status":"closed","template":"templates\/post.php","meta":{"footnotes":""},"class_list":["post-12","page","type-page","status-publish","hentry"],"_links":{"self":[{"href":"https:\/\/3m-strategy.ch\/index.php?rest_route=\/wp\/v2\/pages\/12","targetHints":{"allow":["GET"]}}],"collection":[{"href":"https:\/\/3m-strategy.ch\/index.php?rest_route=\/wp\/v2\/pages"}],"about":[{"href":"https:\/\/3m-strategy.ch\/index.php?rest_route=\/wp\/v2\/types\/page"}],"author":[{"embeddable":true,"href":"https:\/\/3m-strategy.ch\/index.php?rest_route=\/wp\/v2\/users\/1"}],"replies":[{"embeddable":true,"href":"https:\/\/3m-strategy.ch\/index.php?rest_route=%2Fwp%2Fv2%2Fcomments&post=12"}],"version-history":[{"count":10,"href":"https:\/\/3m-strategy.ch\/index.php?rest_route=\/wp\/v2\/pages\/12\/revisions"}],"predecessor-version":[{"id":110,"href":"https:\/\/3m-strategy.ch\/index.php?rest_route=\/wp\/v2\/pages\/12\/revisions\/110"}],"wp:attachment":[{"href":"https:\/\/3m-strategy.ch\/index.php?rest_route=%2Fwp%2Fv2%2Fmedia&parent=12"}],"curies":[{"name":"wp","href":"https:\/\/api.w.org\/{rel}","templated":true}]}}